{"id":560,"date":"2017-11-15T17:34:26","date_gmt":"2017-11-15T16:34:26","guid":{"rendered":"https:\/\/www.wohnen-unter-palmen-in-nrw.de\/economy-doppel-apartment\/buchen-ab-10-naechte\/"},"modified":"2022-05-21T18:38:57","modified_gmt":"2022-05-21T16:38:57","slug":"booking-from-10-nights","status":"publish","type":"page","link":"https:\/\/www.wohnen-unter-palmen-in-nrw.de\/en\/apartments\/economy-double-room-apartment\/booking-from-10-nights\/","title":{"rendered":"Economy double room apartment \u2013 booking \u2013 from 10 nights"},"content":{"rendered":"<p>[et_pb_section fb_built=&#8221;1&#8243; admin_label=&#8221;section&#8221; _builder_version=&#8221;4.16&#8243; global_colors_info=&#8221;{}&#8221;][et_pb_row _builder_version=&#8221;4.16&#8243; background_size=&#8221;initial&#8221; background_position=&#8221;top_left&#8221; background_repeat=&#8221;repeat&#8221; global_colors_info=&#8221;{}&#8221;][et_pb_column type=&#8221;4_4&#8243; _builder_version=&#8221;4.16&#8243; custom_padding=&#8221;|||&#8221; global_colors_info=&#8221;{}&#8221; custom_padding__hover=&#8221;|||&#8221;][et_pb_text _builder_version=&#8221;4.16&#8243; text_orientation=&#8221;center&#8221; module_alignment=&#8221;center&#8221; global_colors_info=&#8221;{}&#8221;]<\/p>\n<h1>Economy double room apartment<\/h1>\n<h3>booking \u2013 from 10 nights<\/h3>\n<p>[\/et_pb_text][\/et_pb_column][\/et_pb_row][et_pb_row _builder_version=&#8221;4.16&#8243; background_size=&#8221;initial&#8221; background_position=&#8221;top_left&#8221; background_repeat=&#8221;repeat&#8221; global_colors_info=&#8221;{}&#8221;][et_pb_column type=&#8221;4_4&#8243; _builder_version=&#8221;4.16&#8243; custom_padding=&#8221;|||&#8221; global_colors_info=&#8221;{}&#8221; custom_padding__hover=&#8221;|||&#8221;][et_pb_code _builder_version=&#8221;4.17.3&#8243; hover_enabled=&#8221;0&#8243; global_colors_info=&#8221;{}&#8221; sticky_enabled=&#8221;0&#8243;] <div class=\"brlbs-cmpnt-container brlbs-cmpnt-content-blocker brlbs-cmpnt-with-individual-styles\" data-borlabs-cookie-content-blocker-id=\"beds\" data-borlabs-cookie-content=\"PGlmcmFtZSBzcmMgPSJodHRwczovL3d3dy5iZWRzMjQuY29tL2Jvb2tpbmcyLnBocD8gcm9vbWlkPTk2NTc2JiMwMzg7bnVtbmlnaHQ9MTAmIzAzODtudW1kaXNwbGF5ZWQ9NyYjMDM4O2FkdmFuY2VkYXlzPTAmIzAzODtsYW5nPWVuJiMwMzg7cmVmZXJlcj1pZnJhbWUiIHdpZHRoPSIxMDAlIiBoZWlnaHQ9IjIwMDAiIHN0eWxlPSJtYXgtd2lkdGg6MTAwJTtib3JkZXI6bm9uZTtvdmVyZmxvdzphdXRvOyI+PHBlZT48YSBocmVmPSJodHRwczovL3d3dy5iZWRzMjQuY29tL2Jvb2tpbmcyLnBocD8gcm9vbWlkPTk2NTc2JiMwMzg7bnVtbmlnaHQ9MSYjMDM4O3JlZmVyZXI9aWZyYW1lIiB0aXRsZT0iQm9vayBOb3ciPkJvb2sgTm93PC9hPjwvcGVlPjwvaWZyYW1lPiA=\"><div class=\"brlbs-cmpnt-cb-preset-a\"> <p class=\"brlbs-cmpnt-cb-description\">You are currently viewing a placeholder content from <strong>beds<\/strong>. To access the actual content, click the button below. Please note that doing so will share data with third-party providers.<\/p> <div class=\"brlbs-cmpnt-cb-buttons\"> <a class=\"brlbs-cmpnt-cb-btn\" href=\"#\" data-borlabs-cookie-unblock role=\"button\">Unblock content<\/a> <a class=\"brlbs-cmpnt-cb-btn\" href=\"#\" data-borlabs-cookie-accept-service role=\"button\" style=\"display: none\">Accept required service and unblock content<\/a> <\/div> <a class=\"brlbs-cmpnt-cb-provider-toggle\" href=\"#\" data-borlabs-cookie-show-provider-information role=\"button\">More Information<\/a> '<\/div>'<\/div>[\/et_pb_code][\/et_pb_column][\/et_pb_row][\/et_pb_section]<\/p>\n","protected":false},"excerpt":{"rendered":"<p>Economy double room apartment booking \u2013 from 10 nights  <div class=\"brlbs-cmpnt-container brlbs-cmpnt-content-blocker brlbs-cmpnt-with-individual-styles\" data-borlabs-cookie-content-blocker-id=\"beds\" data-borlabs-cookie-content=\"Qm9vayBOb3cg\"><div class=\"brlbs-cmpnt-cb-preset-a\"> <p class=\"brlbs-cmpnt-cb-description\">You are currently viewing a placeholder content from <strong>beds<\/strong>. To access the actual content, click the button below. Please note that doing so will share data with third-party providers.<\/p> <div class=\"brlbs-cmpnt-cb-buttons\"> <a class=\"brlbs-cmpnt-cb-btn\" href=\"#\" data-borlabs-cookie-unblock role=\"button\">Unblock content<\/a> <a class=\"brlbs-cmpnt-cb-btn\" href=\"#\" data-borlabs-cookie-accept-service role=\"button\" style=\"display: none\">Accept required service and unblock content<\/a> <\/div> <a class=\"brlbs-cmpnt-cb-provider-toggle\" href=\"#\" data-borlabs-cookie-show-provider-information role=\"button\">More Information<\/a> '<\/div>'<\/div><\/p>\n","protected":false},"author":1,"featured_media":0,"parent":523,"menu_order":0,"comment_status":"closed","ping_status":"closed","template":"","meta":{"_et_pb_use_builder":"on","_et_pb_old_content":"<p>Dies ist eine Beispiel-Seite. Sie unterscheidet sich von Beitr\u00e4gen, weil sie stets an der selben Stelle bleibt und (bei den meisten Themes) in der Navigationsleiste angezeigt wird. Die meisten Leute starten mit einer \u201e\u00dcber uns\u201c-Seite mit einer Vorstellung f\u00fcr m\u00f6gliche Besucher der Website. Dort k\u00f6nnte zum Beispiel stehen:<\/p><blockquote><p>Hallo! Tags\u00fcber arbeite ich als Fahrradkurier, nachts bin ich ein aufstrebender Schauspieler und dies hier ist mein Blog. Ich lebe in Berlin, habe einen gro\u00dfen Hund namens Jack, mag die Fantastischen Vier\u00a0und ein k\u00fchles Bier.<\/p><\/blockquote><p>Als neuer WordPress-Anwender solltest du das <a href=\"https:\/\/www.wohnen-unter-palmen-in-nrw.de\/wp-admin\/\">Dashboard<\/a> aufrufen, um diese Seite zu l\u00f6schen und statt dessen eine neue Seite mit deinem eigenen Inhalt erstellen. Viel Spa\u00df!<\/p>","_et_gb_content_width":"","footnotes":""},"class_list":["post-560","page","type-page","status-publish","hentry"],"yoast_head":"<!-- This site is optimized with the Yoast SEO plugin v26.3 - https:\/\/yoast.com\/wordpress\/plugins\/seo\/ -->\n<title>Economy double room apartment \u2013 booking \u2013 from 10 nights - Living under palm trees in NRW<\/title>\n<meta name=\"robots\" content=\"index, follow, max-snippet:-1, max-image-preview:large, max-video-preview:-1\" \/>\n<link rel=\"canonical\" href=\"https:\/\/www.wohnen-unter-palmen-in-nrw.de\/en\/apartments\/economy-double-room-apartment\/booking-from-10-nights\/\" \/>\n<meta property=\"og:locale\" content=\"en_US\" \/>\n<meta property=\"og:type\" content=\"article\" \/>\n<meta property=\"og:title\" content=\"Economy double room apartment \u2013 booking \u2013 from 10 nights - Living under palm trees in NRW\" \/>\n<meta property=\"og:description\" content=\"Economy double room apartment booking \u2013 from 10 nights\" \/>\n<meta property=\"og:url\" content=\"https:\/\/www.wohnen-unter-palmen-in-nrw.de\/en\/apartments\/economy-double-room-apartment\/booking-from-10-nights\/\" \/>\n<meta property=\"og:site_name\" content=\"Living under palm trees in NRW\" \/>\n<meta property=\"article:modified_time\" content=\"2022-05-21T16:38:57+00:00\" \/>\n<meta name=\"twitter:card\" content=\"summary_large_image\" \/>\n<meta name=\"twitter:label1\" content=\"Est. reading time\" \/>\n\t<meta name=\"twitter:data1\" content=\"1 minute\" \/>\n<script type=\"application\/ld+json\" class=\"yoast-schema-graph\">{\"@context\":\"https:\/\/schema.org\",\"@graph\":[{\"@type\":\"WebPage\",\"@id\":\"https:\/\/www.wohnen-unter-palmen-in-nrw.de\/en\/apartments\/economy-double-room-apartment\/booking-from-10-nights\/\",\"url\":\"https:\/\/www.wohnen-unter-palmen-in-nrw.de\/en\/apartments\/economy-double-room-apartment\/booking-from-10-nights\/\",\"name\":\"Economy double room apartment \u2013 booking \u2013 from 10 nights - Living under palm trees in NRW\",\"isPartOf\":{\"@id\":\"https:\/\/www.wohnen-unter-palmen-in-nrw.de\/#website\"},\"datePublished\":\"2017-11-15T16:34:26+00:00\",\"dateModified\":\"2022-05-21T16:38:57+00:00\",\"breadcrumb\":{\"@id\":\"https:\/\/www.wohnen-unter-palmen-in-nrw.de\/en\/apartments\/economy-double-room-apartment\/booking-from-10-nights\/#breadcrumb\"},\"inLanguage\":\"en-US\",\"potentialAction\":[{\"@type\":\"ReadAction\",\"target\":[\"https:\/\/www.wohnen-unter-palmen-in-nrw.de\/en\/apartments\/economy-double-room-apartment\/booking-from-10-nights\/\"]}]},{\"@type\":\"BreadcrumbList\",\"@id\":\"https:\/\/www.wohnen-unter-palmen-in-nrw.de\/en\/apartments\/economy-double-room-apartment\/booking-from-10-nights\/#breadcrumb\",\"itemListElement\":[{\"@type\":\"ListItem\",\"position\":1,\"name\":\"Startseite\",\"item\":\"https:\/\/www.wohnen-unter-palmen-in-nrw.de\/en\/apartments\/\"},{\"@type\":\"ListItem\",\"position\":2,\"name\":\"Apartments\",\"item\":\"https:\/\/www.wohnen-unter-palmen-in-nrw.de\/en\/apartments\/\"},{\"@type\":\"ListItem\",\"position\":3,\"name\":\"Economy double room apartment\",\"item\":\"https:\/\/www.wohnen-unter-palmen-in-nrw.de\/en\/apartments\/economy-double-room-apartment\/\"},{\"@type\":\"ListItem\",\"position\":4,\"name\":\"Economy double room apartment \u2013 booking \u2013 from 10 nights\"}]},{\"@type\":\"WebSite\",\"@id\":\"https:\/\/www.wohnen-unter-palmen-in-nrw.de\/#website\",\"url\":\"https:\/\/www.wohnen-unter-palmen-in-nrw.de\/\",\"name\":\"Living under palm trees in NRW\",\"description\":\"Wilsmann Boardinghouse\",\"potentialAction\":[{\"@type\":\"SearchAction\",\"target\":{\"@type\":\"EntryPoint\",\"urlTemplate\":\"https:\/\/www.wohnen-unter-palmen-in-nrw.de\/?s={search_term_string}\"},\"query-input\":{\"@type\":\"PropertyValueSpecification\",\"valueRequired\":true,\"valueName\":\"search_term_string\"}}],\"inLanguage\":\"en-US\"}]}<\/script>\n<!-- \/ Yoast SEO plugin. -->","yoast_head_json":{"title":"Economy double room apartment \u2013 booking \u2013 from 10 nights - Living under palm trees in NRW","robots":{"index":"index","follow":"follow","max-snippet":"max-snippet:-1","max-image-preview":"max-image-preview:large","max-video-preview":"max-video-preview:-1"},"canonical":"https:\/\/www.wohnen-unter-palmen-in-nrw.de\/en\/apartments\/economy-double-room-apartment\/booking-from-10-nights\/","og_locale":"en_US","og_type":"article","og_title":"Economy double room apartment \u2013 booking \u2013 from 10 nights - Living under palm trees in NRW","og_description":"Economy double room apartment booking \u2013 from 10 nights","og_url":"https:\/\/www.wohnen-unter-palmen-in-nrw.de\/en\/apartments\/economy-double-room-apartment\/booking-from-10-nights\/","og_site_name":"Living under palm trees in NRW","article_modified_time":"2022-05-21T16:38:57+00:00","twitter_card":"summary_large_image","twitter_misc":{"Est. reading time":"1 minute"},"schema":{"@context":"https:\/\/schema.org","@graph":[{"@type":"WebPage","@id":"https:\/\/www.wohnen-unter-palmen-in-nrw.de\/en\/apartments\/economy-double-room-apartment\/booking-from-10-nights\/","url":"https:\/\/www.wohnen-unter-palmen-in-nrw.de\/en\/apartments\/economy-double-room-apartment\/booking-from-10-nights\/","name":"Economy double room apartment \u2013 booking \u2013 from 10 nights - Living under palm trees in NRW","isPartOf":{"@id":"https:\/\/www.wohnen-unter-palmen-in-nrw.de\/#website"},"datePublished":"2017-11-15T16:34:26+00:00","dateModified":"2022-05-21T16:38:57+00:00","breadcrumb":{"@id":"https:\/\/www.wohnen-unter-palmen-in-nrw.de\/en\/apartments\/economy-double-room-apartment\/booking-from-10-nights\/#breadcrumb"},"inLanguage":"en-US","potentialAction":[{"@type":"ReadAction","target":["https:\/\/www.wohnen-unter-palmen-in-nrw.de\/en\/apartments\/economy-double-room-apartment\/booking-from-10-nights\/"]}]},{"@type":"BreadcrumbList","@id":"https:\/\/www.wohnen-unter-palmen-in-nrw.de\/en\/apartments\/economy-double-room-apartment\/booking-from-10-nights\/#breadcrumb","itemListElement":[{"@type":"ListItem","position":1,"name":"Startseite","item":"https:\/\/www.wohnen-unter-palmen-in-nrw.de\/en\/apartments\/"},{"@type":"ListItem","position":2,"name":"Apartments","item":"https:\/\/www.wohnen-unter-palmen-in-nrw.de\/en\/apartments\/"},{"@type":"ListItem","position":3,"name":"Economy double room apartment","item":"https:\/\/www.wohnen-unter-palmen-in-nrw.de\/en\/apartments\/economy-double-room-apartment\/"},{"@type":"ListItem","position":4,"name":"Economy double room apartment \u2013 booking \u2013 from 10 nights"}]},{"@type":"WebSite","@id":"https:\/\/www.wohnen-unter-palmen-in-nrw.de\/#website","url":"https:\/\/www.wohnen-unter-palmen-in-nrw.de\/","name":"Living under palm trees in NRW","description":"Wilsmann Boardinghouse","potentialAction":[{"@type":"SearchAction","target":{"@type":"EntryPoint","urlTemplate":"https:\/\/www.wohnen-unter-palmen-in-nrw.de\/?s={search_term_string}"},"query-input":{"@type":"PropertyValueSpecification","valueRequired":true,"valueName":"search_term_string"}}],"inLanguage":"en-US"}]}},"_links":{"self":[{"href":"https:\/\/www.wohnen-unter-palmen-in-nrw.de\/en\/wp-json\/wp\/v2\/pages\/560","targetHints":{"allow":["GET"]}}],"collection":[{"href":"https:\/\/www.wohnen-unter-palmen-in-nrw.de\/en\/wp-json\/wp\/v2\/pages"}],"about":[{"href":"https:\/\/www.wohnen-unter-palmen-in-nrw.de\/en\/wp-json\/wp\/v2\/types\/page"}],"author":[{"embeddable":true,"href":"https:\/\/www.wohnen-unter-palmen-in-nrw.de\/en\/wp-json\/wp\/v2\/users\/1"}],"replies":[{"embeddable":true,"href":"https:\/\/www.wohnen-unter-palmen-in-nrw.de\/en\/wp-json\/wp\/v2\/comments?post=560"}],"version-history":[{"count":4,"href":"https:\/\/www.wohnen-unter-palmen-in-nrw.de\/en\/wp-json\/wp\/v2\/pages\/560\/revisions"}],"predecessor-version":[{"id":3421,"href":"https:\/\/www.wohnen-unter-palmen-in-nrw.de\/en\/wp-json\/wp\/v2\/pages\/560\/revisions\/3421"}],"up":[{"embeddable":true,"href":"https:\/\/www.wohnen-unter-palmen-in-nrw.de\/en\/wp-json\/wp\/v2\/pages\/523"}],"wp:attachment":[{"href":"https:\/\/www.wohnen-unter-palmen-in-nrw.de\/en\/wp-json\/wp\/v2\/media?parent=560"}],"curies":[{"name":"wp","href":"https:\/\/api.w.org\/{rel}","templated":true}]}}