{"id":557,"date":"2017-11-15T17:58:10","date_gmt":"2017-11-15T16:58:10","guid":{"rendered":"https:\/\/www.wohnen-unter-palmen-in-nrw.de\/economy-single-room-apartment\/buchen-1-3-naechte\/"},"modified":"2022-05-21T18:16:45","modified_gmt":"2022-05-21T16:16:45","slug":"booking-1-3-nights","status":"publish","type":"page","link":"https:\/\/www.wohnen-unter-palmen-in-nrw.de\/en\/apartments\/economy-single-room-apartment\/booking-1-3-nights\/","title":{"rendered":"Economy single room apartment &#8211; booking \u2013 1-3 nights"},"content":{"rendered":"<p>[et_pb_section fb_built=&#8221;1&#8243; admin_label=&#8221;section&#8221; _builder_version=&#8221;4.16&#8243; global_colors_info=&#8221;{}&#8221;][et_pb_row _builder_version=&#8221;4.16&#8243; background_size=&#8221;initial&#8221; background_position=&#8221;top_left&#8221; background_repeat=&#8221;repeat&#8221; global_colors_info=&#8221;{}&#8221;][et_pb_column type=&#8221;4_4&#8243; _builder_version=&#8221;4.16&#8243; custom_padding=&#8221;|||&#8221; global_colors_info=&#8221;{}&#8221; custom_padding__hover=&#8221;|||&#8221;][et_pb_text _builder_version=&#8221;4.16&#8243; text_orientation=&#8221;center&#8221; module_alignment=&#8221;center&#8221; global_colors_info=&#8221;{}&#8221;]<\/p>\n<h1>Economy single room apartment<\/h1>\n<h3>Booking \u2013 1-3 nights<\/h3>\n<p>[\/et_pb_text][\/et_pb_column][\/et_pb_row][et_pb_row _builder_version=&#8221;4.16&#8243; background_size=&#8221;initial&#8221; background_position=&#8221;top_left&#8221; background_repeat=&#8221;repeat&#8221; global_colors_info=&#8221;{}&#8221;][et_pb_column type=&#8221;4_4&#8243; _builder_version=&#8221;4.16&#8243; custom_padding=&#8221;|||&#8221; global_colors_info=&#8221;{}&#8221; custom_padding__hover=&#8221;|||&#8221;][et_pb_code _builder_version=&#8221;4.17.3&#8243; hover_enabled=&#8221;0&#8243; global_colors_info=&#8221;{}&#8221; sticky_enabled=&#8221;0&#8243;]<iframe src =\"https:\/\/www.beds24.com\/booking2.php? roomid=96320&#038;numnight=1&#038;numdisplayed=7&#038;advancedays=0&#038;lang=en&#038;referer=iframe\" width=\"100%\" height=\"2000\" style=\"max-width:100%;border:none;overflow:auto;\"><pee><a href=\"https:\/\/www.beds24.com\/booking2.php? roomid=96320&#038;numnight=1&#038;referer=iframe\" title=\"Book Now\">Book Now<\/a><\/pee><\/iframe>[\/et_pb_code][\/et_pb_column][\/et_pb_row][\/et_pb_section]<\/p>\n","protected":false},"excerpt":{"rendered":"<p>Economy single room apartment Booking \u2013 1-3 nights<\/p>\n","protected":false},"author":1,"featured_media":0,"parent":529,"menu_order":0,"comment_status":"closed","ping_status":"closed","template":"","meta":{"_et_pb_use_builder":"on","_et_pb_old_content":"<p>Dies ist eine Beispiel-Seite. Sie unterscheidet sich von Beitr\u00e4gen, weil sie stets an der selben Stelle bleibt und (bei den meisten Themes) in der Navigationsleiste angezeigt wird. Die meisten Leute starten mit einer \u201e\u00dcber uns\u201c-Seite mit einer Vorstellung f\u00fcr m\u00f6gliche Besucher der Website. Dort k\u00f6nnte zum Beispiel stehen:<\/p><blockquote><p>Hallo! Tags\u00fcber arbeite ich als Fahrradkurier, nachts bin ich ein aufstrebender Schauspieler und dies hier ist mein Blog. Ich lebe in Berlin, habe einen gro\u00dfen Hund namens Jack, mag die Fantastischen Vier\u00a0und ein k\u00fchles Bier.<\/p><\/blockquote><p>Als neuer WordPress-Anwender solltest du das <a href=\"https:\/\/www.wohnen-unter-palmen-in-nrw.de\/wp-admin\/\">Dashboard<\/a> aufrufen, um diese Seite zu l\u00f6schen und statt dessen eine neue Seite mit deinem eigenen Inhalt erstellen. Viel Spa\u00df!<\/p>","_et_gb_content_width":"","footnotes":""},"class_list":["post-557","page","type-page","status-publish","hentry"],"yoast_head":"<!-- This site is optimized with the Yoast SEO plugin v26.3 - https:\/\/yoast.com\/wordpress\/plugins\/seo\/ -->\n<title>Economy single room apartment - booking \u2013 1-3 nights - Living under palm trees in NRW<\/title>\n<meta name=\"robots\" content=\"index, follow, max-snippet:-1, max-image-preview:large, max-video-preview:-1\" \/>\n<link rel=\"canonical\" href=\"https:\/\/www.wohnen-unter-palmen-in-nrw.de\/en\/apartments\/economy-single-room-apartment\/booking-1-3-nights\/\" \/>\n<meta property=\"og:locale\" content=\"en_US\" \/>\n<meta property=\"og:type\" content=\"article\" \/>\n<meta property=\"og:title\" content=\"Economy single room apartment - booking \u2013 1-3 nights - Living under palm trees in NRW\" \/>\n<meta property=\"og:description\" content=\"Economy single room apartment Booking \u2013 1-3 nights\" \/>\n<meta property=\"og:url\" content=\"https:\/\/www.wohnen-unter-palmen-in-nrw.de\/en\/apartments\/economy-single-room-apartment\/booking-1-3-nights\/\" \/>\n<meta property=\"og:site_name\" content=\"Living under palm trees in NRW\" \/>\n<meta property=\"article:modified_time\" content=\"2022-05-21T16:16:45+00:00\" \/>\n<meta name=\"twitter:card\" content=\"summary_large_image\" \/>\n<meta name=\"twitter:label1\" content=\"Est. reading time\" \/>\n\t<meta name=\"twitter:data1\" content=\"1 minute\" \/>\n<script type=\"application\/ld+json\" class=\"yoast-schema-graph\">{\"@context\":\"https:\/\/schema.org\",\"@graph\":[{\"@type\":\"WebPage\",\"@id\":\"https:\/\/www.wohnen-unter-palmen-in-nrw.de\/en\/apartments\/economy-single-room-apartment\/booking-1-3-nights\/\",\"url\":\"https:\/\/www.wohnen-unter-palmen-in-nrw.de\/en\/apartments\/economy-single-room-apartment\/booking-1-3-nights\/\",\"name\":\"Economy single room apartment - booking \u2013 1-3 nights - Living under palm trees in NRW\",\"isPartOf\":{\"@id\":\"https:\/\/www.wohnen-unter-palmen-in-nrw.de\/#website\"},\"datePublished\":\"2017-11-15T16:58:10+00:00\",\"dateModified\":\"2022-05-21T16:16:45+00:00\",\"breadcrumb\":{\"@id\":\"https:\/\/www.wohnen-unter-palmen-in-nrw.de\/en\/apartments\/economy-single-room-apartment\/booking-1-3-nights\/#breadcrumb\"},\"inLanguage\":\"en-US\",\"potentialAction\":[{\"@type\":\"ReadAction\",\"target\":[\"https:\/\/www.wohnen-unter-palmen-in-nrw.de\/en\/apartments\/economy-single-room-apartment\/booking-1-3-nights\/\"]}]},{\"@type\":\"BreadcrumbList\",\"@id\":\"https:\/\/www.wohnen-unter-palmen-in-nrw.de\/en\/apartments\/economy-single-room-apartment\/booking-1-3-nights\/#breadcrumb\",\"itemListElement\":[{\"@type\":\"ListItem\",\"position\":1,\"name\":\"Startseite\",\"item\":\"https:\/\/www.wohnen-unter-palmen-in-nrw.de\/en\/apartments\/\"},{\"@type\":\"ListItem\",\"position\":2,\"name\":\"Apartments\",\"item\":\"https:\/\/www.wohnen-unter-palmen-in-nrw.de\/en\/apartments\/\"},{\"@type\":\"ListItem\",\"position\":3,\"name\":\"Economy single room apartment\",\"item\":\"https:\/\/www.wohnen-unter-palmen-in-nrw.de\/en\/apartments\/economy-single-room-apartment\/\"},{\"@type\":\"ListItem\",\"position\":4,\"name\":\"Economy single room apartment &#8211; booking \u2013 1-3 nights\"}]},{\"@type\":\"WebSite\",\"@id\":\"https:\/\/www.wohnen-unter-palmen-in-nrw.de\/#website\",\"url\":\"https:\/\/www.wohnen-unter-palmen-in-nrw.de\/\",\"name\":\"Living under palm trees in NRW\",\"description\":\"Wilsmann Boardinghouse\",\"potentialAction\":[{\"@type\":\"SearchAction\",\"target\":{\"@type\":\"EntryPoint\",\"urlTemplate\":\"https:\/\/www.wohnen-unter-palmen-in-nrw.de\/?s={search_term_string}\"},\"query-input\":{\"@type\":\"PropertyValueSpecification\",\"valueRequired\":true,\"valueName\":\"search_term_string\"}}],\"inLanguage\":\"en-US\"}]}<\/script>\n<!-- \/ Yoast SEO plugin. -->","yoast_head_json":{"title":"Economy single room apartment - booking \u2013 1-3 nights - Living under palm trees in NRW","robots":{"index":"index","follow":"follow","max-snippet":"max-snippet:-1","max-image-preview":"max-image-preview:large","max-video-preview":"max-video-preview:-1"},"canonical":"https:\/\/www.wohnen-unter-palmen-in-nrw.de\/en\/apartments\/economy-single-room-apartment\/booking-1-3-nights\/","og_locale":"en_US","og_type":"article","og_title":"Economy single room apartment - booking \u2013 1-3 nights - Living under palm trees in NRW","og_description":"Economy single room apartment Booking \u2013 1-3 nights","og_url":"https:\/\/www.wohnen-unter-palmen-in-nrw.de\/en\/apartments\/economy-single-room-apartment\/booking-1-3-nights\/","og_site_name":"Living under palm trees in NRW","article_modified_time":"2022-05-21T16:16:45+00:00","twitter_card":"summary_large_image","twitter_misc":{"Est. reading time":"1 minute"},"schema":{"@context":"https:\/\/schema.org","@graph":[{"@type":"WebPage","@id":"https:\/\/www.wohnen-unter-palmen-in-nrw.de\/en\/apartments\/economy-single-room-apartment\/booking-1-3-nights\/","url":"https:\/\/www.wohnen-unter-palmen-in-nrw.de\/en\/apartments\/economy-single-room-apartment\/booking-1-3-nights\/","name":"Economy single room apartment - booking \u2013 1-3 nights - Living under palm trees in NRW","isPartOf":{"@id":"https:\/\/www.wohnen-unter-palmen-in-nrw.de\/#website"},"datePublished":"2017-11-15T16:58:10+00:00","dateModified":"2022-05-21T16:16:45+00:00","breadcrumb":{"@id":"https:\/\/www.wohnen-unter-palmen-in-nrw.de\/en\/apartments\/economy-single-room-apartment\/booking-1-3-nights\/#breadcrumb"},"inLanguage":"en-US","potentialAction":[{"@type":"ReadAction","target":["https:\/\/www.wohnen-unter-palmen-in-nrw.de\/en\/apartments\/economy-single-room-apartment\/booking-1-3-nights\/"]}]},{"@type":"BreadcrumbList","@id":"https:\/\/www.wohnen-unter-palmen-in-nrw.de\/en\/apartments\/economy-single-room-apartment\/booking-1-3-nights\/#breadcrumb","itemListElement":[{"@type":"ListItem","position":1,"name":"Startseite","item":"https:\/\/www.wohnen-unter-palmen-in-nrw.de\/en\/apartments\/"},{"@type":"ListItem","position":2,"name":"Apartments","item":"https:\/\/www.wohnen-unter-palmen-in-nrw.de\/en\/apartments\/"},{"@type":"ListItem","position":3,"name":"Economy single room apartment","item":"https:\/\/www.wohnen-unter-palmen-in-nrw.de\/en\/apartments\/economy-single-room-apartment\/"},{"@type":"ListItem","position":4,"name":"Economy single room apartment &#8211; booking \u2013 1-3 nights"}]},{"@type":"WebSite","@id":"https:\/\/www.wohnen-unter-palmen-in-nrw.de\/#website","url":"https:\/\/www.wohnen-unter-palmen-in-nrw.de\/","name":"Living under palm trees in NRW","description":"Wilsmann Boardinghouse","potentialAction":[{"@type":"SearchAction","target":{"@type":"EntryPoint","urlTemplate":"https:\/\/www.wohnen-unter-palmen-in-nrw.de\/?s={search_term_string}"},"query-input":{"@type":"PropertyValueSpecification","valueRequired":true,"valueName":"search_term_string"}}],"inLanguage":"en-US"}]}},"_links":{"self":[{"href":"https:\/\/www.wohnen-unter-palmen-in-nrw.de\/en\/wp-json\/wp\/v2\/pages\/557","targetHints":{"allow":["GET"]}}],"collection":[{"href":"https:\/\/www.wohnen-unter-palmen-in-nrw.de\/en\/wp-json\/wp\/v2\/pages"}],"about":[{"href":"https:\/\/www.wohnen-unter-palmen-in-nrw.de\/en\/wp-json\/wp\/v2\/types\/page"}],"author":[{"embeddable":true,"href":"https:\/\/www.wohnen-unter-palmen-in-nrw.de\/en\/wp-json\/wp\/v2\/users\/1"}],"replies":[{"embeddable":true,"href":"https:\/\/www.wohnen-unter-palmen-in-nrw.de\/en\/wp-json\/wp\/v2\/comments?post=557"}],"version-history":[{"count":3,"href":"https:\/\/www.wohnen-unter-palmen-in-nrw.de\/en\/wp-json\/wp\/v2\/pages\/557\/revisions"}],"predecessor-version":[{"id":3470,"href":"https:\/\/www.wohnen-unter-palmen-in-nrw.de\/en\/wp-json\/wp\/v2\/pages\/557\/revisions\/3470"}],"up":[{"embeddable":true,"href":"https:\/\/www.wohnen-unter-palmen-in-nrw.de\/en\/wp-json\/wp\/v2\/pages\/529"}],"wp:attachment":[{"href":"https:\/\/www.wohnen-unter-palmen-in-nrw.de\/en\/wp-json\/wp\/v2\/media?parent=557"}],"curies":[{"name":"wp","href":"https:\/\/api.w.org\/{rel}","templated":true}]}}